{"id":87,"date":"2020-04-18T17:35:26","date_gmt":"2020-04-18T15:35:26","guid":{"rendered":"http:\/\/ac-chietivasto.it\/wp\/?page_id=87"},"modified":"2020-08-12T18:38:16","modified_gmt":"2020-08-12T16:38:16","slug":"presentazione-settore-adulti","status":"publish","type":"page","link":"http:\/\/ac-chietivasto.it\/wp\/presentazione-settore-adulti\/","title":{"rendered":"Presentazione Settore Adulti"},"content":{"rendered":"\n<p class=\"has-text-align-right\">\n<a href=\"https:\/\/www.facebook.com\/Settore-Adulti-AC-Chieti-Vasto-101006664902754\/\" target=\"_blank\" rel=\"noopener noreferrer\"><i class=\"fab fa-facebook-square fa-2x\"><\/i><\/a>\n<a href=\"https:\/\/www.instagram.com\/settore_adulti_ac_chietivasto\/\" target=\"_blank\" rel=\"noopener noreferrer\"><i class=\"fab fa-instagram-square fa-2x\"><\/i><\/a>\n<a href=\"mailto:settore.adulti@ac-chietivasto.it\" target=\"_blank\" rel=\"noopener noreferrer\"><i class=\"fas fa-envelope-square fa-2x\"><\/i><\/a>\n<\/p>\n\n\n\n<p>L\u2019adulto di Azione Cattolica porta radicata in s\u00e9 la cura educativa, la formazione delle nuove generazioni, la custodia e la trasmissione di quel tesoro che di generazione in generazione si tramanda come dono e rendimento di grazie. Sente la necessit\u00e0 di condividere i problemi dell\u2019educazione, affrontando le urgenze che il nostro tempo ci propone, e si impegna, come sempre, ad accompagnare il cammino di formazione di una coscienza laicale matura attraverso una proposta ordinaria, popolare, permanente.<\/p>\n\n\n\n<p>\u00c8 una sfida e un compito che vogliamo assumerci proseguendo la tradizione dell\u2019impegno educativo dell\u2019AC, che per noi significa anche consegnare alle nuove generazioni quel patrimonio di storia, di vita cristiana, di attenzione al tessuto sociale e civile che \u00e8 ed \u00e8 stata l\u2019Azione Cattolica.<\/p>\n\n\n\n<p>Guidati spiritualmente da don Erminio, fanno parte del Consiglio le vicepresidenti Carla e Maria Concetta, ed i consiglieri Graziella, Luigi e Gabriella. Fabrizio e Anna sono presenti come coppia diocesana.<\/p>\n\n\n\n<p>Completano l\u2019Equipe del settore adulti Agata, Cristinziano, Daniela, Dario, Francesco, Giuseppe, Lorenzo, don Gianfranco (Assistente MLAC) e Daniele (Segretario MLAC).<\/p>\n\n\n\n<div class=\"wp-block-image\"><figure class=\"aligncenter size-large\"><img decoding=\"async\" loading=\"lazy\" width=\"1024\" height=\"298\" src=\"http:\/\/ac-chietivasto.it\/wp\/wp-content\/uploads\/2020\/04\/consiglio-adulti-1024x298.jpg\" alt=\"\" class=\"wp-image-251\" srcset=\"http:\/\/ac-chietivasto.it\/wp\/wp-content\/uploads\/2020\/04\/consiglio-adulti-1024x298.jpg 1024w, http:\/\/ac-chietivasto.it\/wp\/wp-content\/uploads\/2020\/04\/consiglio-adulti-300x87.jpg 300w, http:\/\/ac-chietivasto.it\/wp\/wp-content\/uploads\/2020\/04\/consiglio-adulti-768x223.jpg 768w, http:\/\/ac-chietivasto.it\/wp\/wp-content\/uploads\/2020\/04\/consiglio-adulti-1536x447.jpg 1536w, http:\/\/ac-chietivasto.it\/wp\/wp-content\/uploads\/2020\/04\/consiglio-adulti-2048x596.jpg 2048w, http:\/\/ac-chietivasto.it\/wp\/wp-content\/uploads\/2020\/04\/consiglio-adulti-1568x456.jpg 1568w\" sizes=\"(max-width: 1024px) 100vw, 1024px\" \/><\/figure><\/div>\n\n\n\n<h2 class=\"wp-block-heading\">I nostri ultimi articoli<\/h2>\n\n\n<ul class=\"wp-block-latest-posts__list has-dates wp-block-latest-posts\"><li><a class=\"wp-block-latest-posts__post-title\" href=\"http:\/\/ac-chietivasto.it\/wp\/via-crucis-musicale\/\">Via Crucis musicale<\/a><time datetime=\"2026-03-26T23:14:46+01:00\" class=\"wp-block-latest-posts__post-date\">26 Marzo 2026<\/time><div class=\"wp-block-latest-posts__post-excerpt\">Carissimi, condividiamo la bellissima Via Crucis preparata dal nostro Assistente diocesano del Settore Adulti di AC don Erminio, &#8220;per musicanti e non\u2026.Sanremesi e non&#8221; \u2026 Ogni stazione col sottofondo musicale di una canzone, ma soprattutto con una riflessione molto profonda per metterci in discussione e prepararci alla Pasqua che sta arrivando diventando un po&#8217; migliori!<a class=\"more-link\" href=\"http:\/\/ac-chietivasto.it\/wp\/via-crucis-musicale\/\">Continua a leggere <span class=\"screen-reader-text\">&#8220;Via Crucis musicale&#8221;<\/span><\/a><\/div><\/li>\n<li><a class=\"wp-block-latest-posts__post-title\" href=\"http:\/\/ac-chietivasto.it\/wp\/novena-di-natale\/\">Novena di Natale<\/a><time datetime=\"2025-12-20T19:23:14+01:00\" class=\"wp-block-latest-posts__post-date\">20 Dicembre 2025<\/time><div class=\"wp-block-latest-posts__post-excerpt\">Carissimi, vi alleghiamo una novena di Natale composta dal nostro don Erminio, condivisa anche con i responsabili diocesani, che vuole augurare con il cuore, giorni e \u201ctempo\u201d bello ai singoli e ai gruppi che si preparano al NATALE. Nell&#8217;introduzione troverete le parole di don Erminio che spiegano come \u00e8 stata da lui ideata e poi<a class=\"more-link\" href=\"http:\/\/ac-chietivasto.it\/wp\/novena-di-natale\/\">Continua a leggere <span class=\"screen-reader-text\">&#8220;Novena di Natale&#8221;<\/span><\/a><\/div><\/li>\n<li><a class=\"wp-block-latest-posts__post-title\" href=\"http:\/\/ac-chietivasto.it\/wp\/via-crucis\/\">VIA CRUCIS<\/a><time datetime=\"2025-04-12T11:58:34+02:00\" class=\"wp-block-latest-posts__post-date\">12 Aprile 2025<\/time><div class=\"wp-block-latest-posts__post-excerpt\">PER GRUPPI DI GIOVANI E ADULTI Come lo scorso anno, l&#8217;assistente del Settore Adulti don Erminio Di Paolo ha voluto mettere a disposizione dei gruppi di giovani e adulti una particolare Via Crucis per prepararsi alla celebrazione della Santa Pasqua. Potete scaricare la versione PDF o Word qui di seguito.<\/div><\/li>\n<li><a class=\"wp-block-latest-posts__post-title\" href=\"http:\/\/ac-chietivasto.it\/wp\/incontro-di-formazione-coppie-e-adulti\/\">INCONTRO DI FORMAZIONE COPPIE E ADULTI<\/a><time datetime=\"2024-11-12T22:10:54+01:00\" class=\"wp-block-latest-posts__post-date\">12 Novembre 2024<\/time><div class=\"wp-block-latest-posts__post-excerpt\">Domenica 17 Novembre 2024, alle ore 17:30, presso la Parrocchia Sant\u2019Alfonso di Francavilla al Mare vivremo il primo incontro di formazione per Coppie e Adulti pensato dall&#8217;Area Famiglia e Vita di Azione Cattolica e rivolto a coppie ed adulti.La Prof.ssa Francesca Cocchini, gi\u00e0 docente di Storia del Cristianesimo presso l&#8217;Universit\u00e0 La Sapienza di Roma, guider\u00e0<a class=\"more-link\" href=\"http:\/\/ac-chietivasto.it\/wp\/incontro-di-formazione-coppie-e-adulti\/\">Continua a leggere <span class=\"screen-reader-text\">&#8220;INCONTRO DI FORMAZIONE COPPIE E ADULTI&#8221;<\/span><\/a><\/div><\/li>\n<li><a class=\"wp-block-latest-posts__post-title\" href=\"http:\/\/ac-chietivasto.it\/wp\/le-stelle-e-la-strada\/\">Le stelle e la strada<\/a><time datetime=\"2024-10-19T22:43:12+02:00\" class=\"wp-block-latest-posts__post-date\">19 Ottobre 2024<\/time><div class=\"wp-block-latest-posts__post-excerpt\">Domenica 27 ottobre 2024, vivremo l\u2019Incontro di formazione zonale del Settore Adultidal titolo \u201cLe stelle e la strada\u201d, destinato a Responsabili, Consiglieri e Animatori parrocchiali e anche a quei soci che in futuro potrebbero essere coinvolti nell&#8217;animazione del gruppo. Sar\u00e0 un primo momento di approfondimento del testo \u201cLe stelle e la strada &#8211; Orizzonti e<a class=\"more-link\" href=\"http:\/\/ac-chietivasto.it\/wp\/le-stelle-e-la-strada\/\">Continua a leggere <span class=\"screen-reader-text\">&#8220;Le stelle e la strada&#8221;<\/span><\/a><\/div><\/li>\n<\/ul>","protected":false},"excerpt":{"rendered":"<p>L\u2019adulto di Azione Cattolica porta radicata in s\u00e9 la cura educativa, la formazione delle nuove generazioni, la custodia e la trasmissione di quel tesoro che di generazione in generazione si tramanda come dono e rendimento di grazie. Sente la necessit\u00e0 di condividere i problemi dell\u2019educazione, affrontando le urgenze che il nostro tempo ci propone, e<a class=\"more-link\" href=\"http:\/\/ac-chietivasto.it\/wp\/presentazione-settore-adulti\/\">Continua a leggere <span class=\"screen-reader-text\">&#8220;Presentazione Settore Adulti&#8221;<\/span><\/a><\/p>\n","protected":false},"author":1,"featured_media":0,"parent":0,"menu_order":0,"comment_status":"closed","ping_status":"closed","template":"","meta":[],"_links":{"self":[{"href":"http:\/\/ac-chietivasto.it\/wp\/wp-json\/wp\/v2\/pages\/87"}],"collection":[{"href":"http:\/\/ac-chietivasto.it\/wp\/wp-json\/wp\/v2\/pages"}],"about":[{"href":"http:\/\/ac-chietivasto.it\/wp\/wp-json\/wp\/v2\/types\/page"}],"author":[{"embeddable":true,"href":"http:\/\/ac-chietivasto.it\/wp\/wp-json\/wp\/v2\/users\/1"}],"replies":[{"embeddable":true,"href":"http:\/\/ac-chietivasto.it\/wp\/wp-json\/wp\/v2\/comments?post=87"}],"version-history":[{"count":9,"href":"http:\/\/ac-chietivasto.it\/wp\/wp-json\/wp\/v2\/pages\/87\/revisions"}],"predecessor-version":[{"id":521,"href":"http:\/\/ac-chietivasto.it\/wp\/wp-json\/wp\/v2\/pages\/87\/revisions\/521"}],"wp:attachment":[{"href":"http:\/\/ac-chietivasto.it\/wp\/wp-json\/wp\/v2\/media?parent=87"}],"curies":[{"name":"wp","href":"https:\/\/api.w.org\/{rel}","templated":true}]}}